{"id":419,"date":"2023-04-12T14:17:12","date_gmt":"2023-04-12T12:17:12","guid":{"rendered":"https:\/\/consmosca.esteri.it\/servizi-consolari-e-visti\/servizi-per-il-cittadino-italiano\/servizi-elettorali\/elezioni-europee\/"},"modified":"2023-04-12T14:17:12","modified_gmt":"2023-04-12T12:17:12","slug":"elezioni-europee","status":"publish","type":"page","link":"https:\/\/consmosca.esteri.it\/ru\/servizi-consolari-e-visti\/servizi-per-il-cittadino-italiano\/servizi-elettorali\/elezioni-europee\/","title":{"rendered":"Elezioni europee"},"content":{"rendered":"<p>Ai sensi del Decreto-legge 24 giugno 1994, n. 408 possono votare all\u2019estero per l\u2019elezione dei rappresentanti italiani al Parlamento europeo:<\/p>\n<p>\u2013\u00a0i cittadini italiani residenti in uno Stato dell\u2019Unione europea e regolarmente iscritti all\u2019AIRE;<br \/>\n\u2013\u00a0i cittadini italiani ed i familiari con essi conviventi che si trovano temporaneamente nei Paesi UE per motivi di studio o di lavoro, presentando \u2013 entro i termini di legge \u2013 apposita domanda al Sindaco del Comune italiano nelle cui liste elettorali sono iscritti.<\/p>\n<p>Il voto all\u2019estero per i rappresentanti italiani si esercita presso i seggi appositamente istituiti dagli Uffici consolari. L\u2019elettore riceve a casa da parte del Ministero dell\u2019Interno italiano il certificato elettorale, con l\u2019indicazione del seggio presso il quale votare, della data e dell\u2019orario delle votazioni.<\/p>\n<p>Qualora l\u2019elettore non riceva il certificato elettorale entro il 5\u00b0 giorno antecedente quello delle votazioni, potr\u00e0 contattare l\u2019Ufficio consolare competente per verificare la propria posizione elettorale e richiedere il certificato sostitutivo per l\u2019ammissione al voto.<\/p>\n<p>L\u2019elettore italiano residente all\u2019estero o temporaneamente in un Paese dell\u2019UE per motivi di studio o lavoro (che abbia presentato domanda di voto all\u2019estero nei termini previsti), se rientra in Italia, pu\u00f2 votare presso il proprio Comune di iscrizione elettorale: in tal caso deve farne esplicita richiesta, entro il giorno precedente quello della votazione, al Sindaco del suddetto Comune.<\/p>\n<p>L\u2019elettore italiano residente all\u2019estero pu\u00f2 anche optare per il voto per i candidati del Paese in cui risiede; in tal caso voter\u00e0 presso i seggi istituiti dalle Autorit\u00e0 del Paese di residenza estera.<\/p>\n<p>Il doppio voto \u00e8 vietato: se si vota\u00a0 a favore di un candidato italiano non si potr\u00e0 esprimere il voto anche per il candidato locale e viceversa.<\/p>\n","protected":false},"excerpt":{"rendered":"Ai sensi del Decreto-legge 24 giugno 1994, n. 408 possono votare all\u2019estero per l\u2019elezione dei rappresentanti italiani al Parlamento europeo: \u2013\u00a0i cittadini italiani residenti in uno Stato dell\u2019Unione europea e regolarmente iscritti all\u2019AIRE; \u2013\u00a0i cittadini italiani ed i familiari con essi conviventi che si trovano temporaneamente nei Paesi UE per motivi di studio o di [&hellip;]","protected":false},"author":5,"featured_media":0,"parent":204,"menu_order":4,"comment_status":"closed","ping_status":"closed","template":"","meta":{"footnotes":""},"class_list":["post-419","page","type-page","status-publish","hentry"],"_links":{"self":[{"href":"https:\/\/consmosca.esteri.it\/ru\/wp-json\/wp\/v2\/pages\/419","targetHints":{"allow":["GET"]}}],"collection":[{"href":"https:\/\/consmosca.esteri.it\/ru\/wp-json\/wp\/v2\/pages"}],"about":[{"href":"https:\/\/consmosca.esteri.it\/ru\/wp-json\/wp\/v2\/types\/page"}],"author":[{"embeddable":true,"href":"https:\/\/consmosca.esteri.it\/ru\/wp-json\/wp\/v2\/users\/5"}],"replies":[{"embeddable":true,"href":"https:\/\/consmosca.esteri.it\/ru\/wp-json\/wp\/v2\/comments?post=419"}],"version-history":[{"count":0,"href":"https:\/\/consmosca.esteri.it\/ru\/wp-json\/wp\/v2\/pages\/419\/revisions"}],"up":[{"embeddable":true,"href":"https:\/\/consmosca.esteri.it\/ru\/wp-json\/wp\/v2\/pages\/204"}],"wp:attachment":[{"href":"https:\/\/consmosca.esteri.it\/ru\/wp-json\/wp\/v2\/media?parent=419"}],"curies":[{"name":"wp","href":"https:\/\/api.w.org\/{rel}","templated":true}]}}