{"id":97,"date":"2023-04-03T19:31:10","date_gmt":"2023-04-03T17:31:10","guid":{"rendered":"https:\/\/consolatozurigo.esteri.it\/?page_id=97"},"modified":"2025-05-28T11:29:17","modified_gmt":"2025-05-28T09:29:17","slug":"traduzione-e-legalizzazione-dei-documenti","status":"publish","type":"page","link":"https:\/\/consmosca.esteri.it\/it\/servizi-consolari-e-visti\/servizi-per-il-cittadino-straniero\/traduzione-e-legalizzazione-dei-documenti\/","title":{"rendered":"Traduzione e legalizzazione dei documenti"},"content":{"rendered":"<p>I documenti stranieri, cio\u00e8 rilasciati da un istituto, ente o organo pubblico o privato non Italiano, per poter essere usati in Italia o nell\u2019ambito di un procedimento amministrativo italiano, devono essere tradotti in Italiano e legalizzati.<\/p>\n<p>La \u201capostille\u201d (o postilla) \u00e8 una forma semplificata di legalizzazione che serve a dare valore legale a un atto straniero (ad esempio un atto di nascita, un titolo di studio, ecc.) affich\u00e9 si possa utilizzare in Italia.<\/p>\n<p>Si rammenta che per alcuni documenti non \u00e8 prevista la possibilit\u00e0 di apporre il timbro apostille. In questi casi \u00e8 comunque possibile attestare la conformit\u00e0 della traduzione al documento originale non apostillato.<\/p>\n<p><strong>1. Apostille degli atti di stato civile<br \/>\n<\/strong><br \/>\nPer apporre l\u2019apostille sugli atti di stato civile \u00e8 necessario rivolgersi al competente Ufficio di stato civile (ZAGS) della regione russa dove \u00e8 stato rilasciato l\u2019atto di cui si tratta (a Mosca \u00e8 l\u2019Ufficio archivio e informazioni della\u00a0<a href=\"https:\/\/www.mos.ru\/zags\/function\/organizagsupravleniya\/arkhivno-informatcionnyi-otdel\/\"><strong>Direzione dello Stato Civile del Comune di Mosca<\/strong><\/a>.<\/p>\n<p><strong>2. Apostille dei certificati penali<br \/>\n<\/strong><br \/>\nPer l\u2019apostille sui certificati penali \u00e8 necessario rivolgersi al Centro informazioni del Ministero dell\u2019Interno russo competente per la regione di residenza. A Mosca ci sono due strutture:<\/p>\n<p>1. Centro generale analisi-informazioni del Ministero dell\u2019Interno della Federazione Russa (\u0413\u0418\u0410\u0426 \u041c\u0412\u0414), indirizzo: citt\u00e0 di Mosca, via Novocheremushkinskaya, 67, Tel. +7 (495) 332-30-58, +7 (495) 332-30-35.), e<\/p>\n<p>2. Centro informazioni zonale del Ministero dell\u2019Interno della Federazione Russa (\u0417\u0418\u0426 \u041c\u0412\u0414), indirizzo: citt\u00e0 di Mosca, via Velozavodskaia, 6, Tel. +7 (495) 694-77-40.) L\u2019ente competente \u00e8 indicato sul documento stesso. Inoltre \u00e8 possibile presentare la richiesta online\u00a0<a href=\"https:\/\/www.gosuslugi.ru\/16614\/1\/info\"><strong>sul sito Gosuslugi<\/strong><\/a>.<\/p>\n<p><strong>3. Apostille dei titoli di studio<br \/>\n<\/strong><br \/>\nPer sapere cosa occorre in questo caso si rimanda a quanto indicato alla sezione del sito STUDI: https:\/\/consmosca.esteri.it\/consolato_mosca\/it\/i_servizi\/per_i_cittadini\/studi e segnatamente al paragrafo sulle Dichiarazioni di valore.<\/p>\n<p><strong>4. Apostille degli atti notarili e giudiziari<br \/>\n<\/strong><br \/>\nPer apporre l\u2019apostille sugli atti notarili e giudiziari russi \u00e8 necessario rivolgersi al competente ufficio del\u00a0<a href=\"https:\/\/minjust.gov.ru\/ru\/activity\/govservices\/16\/\"><strong>Ministero della Giustizia della Federazione Russa<\/strong><\/a>.<\/p>\n<p><strong>5. Apostille degli atti italiani<br \/>\n<\/strong><br \/>\nGli atti italiani da usare all\u2019estero devono a loro volta essere apostillati e tradotti per essere riconosciuti validi. In proposito si ricorda che la apostille su atti e documenti italiani deve essere chiesta in Italia e in particolare: 1. presso la Prefettura competente per gli atti di stato civile (atti di nascita, matrimonio ecc.), e 2. presso l\u2019ufficio del casellario giudiziale della Procura della Repubblica del Tribunale competente per i certificati penali (estratto del casellario giudiziale e certificato dei carichi pendenti).<\/p>\n<p><strong><br \/>\nTraduzioni<br \/>\n<\/strong><br \/>\nUna volta apostillati, gli atti e i documenti stranieri dovranno essere tradotti in Italiano. Per eseguire la traduzione dei documenti apostillati gli utenti sono invitati a rivolgersi a uno dei\u00a0<a href=\"https:\/\/consmosca.esteri.it\/it\/servizi-consolari-e-visti\/servizi-per-il-cittadino-italiano\/traduzione-e-legalizzazione-dei-documenti\/elenco-dei-traduttori-accreditati\/\"><strong>traduttori accreditati<\/strong><\/a>\u00a0presso il Consolato Generale a Mosca.<\/p>\n<p>Eventuali difformit\u00e0 delle traduzioni eseguite da traduttori non accreditati rispetto al testo originale comporteranno l\u2019impossibilit\u00e0 di procedere e la necessit\u00e0 di fissare un nuovo appuntamento. In ogni caso non saranno accettate traduzioni con legalizzazione notarile.<\/p>\n<p><strong><br \/>\nProcedura<br \/>\n<\/strong><br \/>\nUna volta eseguita, la traduzione insieme al documento originale munito di apostille dovr\u00e0 essere portata, previo appuntamento, al consolato che vi apporr\u00e0 il timbro di conformit\u00e0 attestando che essa corrisponde al testo del documento originale.<\/p>\n<p><strong><br \/>\nDocumenti richiesti<br \/>\n<\/strong><br \/>\nI documenti necessari per dichiarare che la traduzione \u00e8 conforme al testo originale sono quindi: 1. documento originale apostillato (Attenzione: se si intende autenticare una copia del documento originale, \u00e8 necessario presentare un ulteriore copia dello stesso), 2. traduzione dal Russo all\u2019Italiano (o viceversa), eseguite su carta bianca in formato A4 in caratteri non minori di 12 punti.<\/p>\n<p><strong><br \/>\nAutentiche<br \/>\n<\/strong><br \/>\nPer alcune pratiche \u00e8 richiesta l\u2019autentica della firma o della fotografia.<\/p>\n<p><strong><br \/>\nTariffe<br \/>\n<\/strong><br \/>\n\u2013 autentica di copia: \u20ac10\/foglio (Art. 71 del tariffario consolare), \u2013 autentica di traduzione in lingua italiana: \u20ac13\/foglio (art.72A del tariffario consolare), \u2013 autentica di traduzione in lingua russa: \u20ac20\/foglio (art.72C del tariffario consolare), \u2013 autentica della firma: \u20ac14 (art. 24), \u2013 autentica della foto: \u20ac50 (art.66B)<\/p>\n<p><strong><br \/>\nAppuntamenti<br \/>\n<\/strong><br \/>\nSulla piattaforma <a href=\"https:\/\/prenotami.esteri.it\/\"><strong>Prenot@Mi<\/strong><\/a> .<\/p>\n","protected":false},"excerpt":{"rendered":"I documenti stranieri, cio\u00e8 rilasciati da un istituto, ente o organo pubblico o privato non Italiano, per poter essere usati in Italia o nell\u2019ambito di un procedimento amministrativo italiano, devono essere tradotti in Italiano e legalizzati. La \u201capostille\u201d (o postilla) \u00e8 una forma semplificata di legalizzazione che serve a dare valore legale a un atto [&hellip;]","protected":false},"author":1,"featured_media":0,"parent":62,"menu_order":4,"comment_status":"closed","ping_status":"closed","template":"","meta":{"footnotes":""},"class_list":["post-97","page","type-page","status-publish","hentry"],"_links":{"self":[{"href":"https:\/\/consmosca.esteri.it\/it\/wp-json\/wp\/v2\/pages\/97","targetHints":{"allow":["GET"]}}],"collection":[{"href":"https:\/\/consmosca.esteri.it\/it\/wp-json\/wp\/v2\/pages"}],"about":[{"href":"https:\/\/consmosca.esteri.it\/it\/wp-json\/wp\/v2\/types\/page"}],"author":[{"embeddable":true,"href":"https:\/\/consmosca.esteri.it\/it\/wp-json\/wp\/v2\/users\/1"}],"replies":[{"embeddable":true,"href":"https:\/\/consmosca.esteri.it\/it\/wp-json\/wp\/v2\/comments?post=97"}],"version-history":[{"count":1,"href":"https:\/\/consmosca.esteri.it\/it\/wp-json\/wp\/v2\/pages\/97\/revisions"}],"predecessor-version":[{"id":2022,"href":"https:\/\/consmosca.esteri.it\/it\/wp-json\/wp\/v2\/pages\/97\/revisions\/2022"}],"up":[{"embeddable":true,"href":"https:\/\/consmosca.esteri.it\/it\/wp-json\/wp\/v2\/pages\/62"}],"wp:attachment":[{"href":"https:\/\/consmosca.esteri.it\/it\/wp-json\/wp\/v2\/media?parent=97"}],"curies":[{"name":"wp","href":"https:\/\/api.w.org\/{rel}","templated":true}]}}