{"id":95,"date":"2023-04-03T19:30:48","date_gmt":"2023-04-03T17:30:48","guid":{"rendered":"https:\/\/consolatozurigo.esteri.it\/?page_id=95"},"modified":"2026-01-27T15:16:55","modified_gmt":"2026-01-27T14:16:55","slug":"visti","status":"publish","type":"page","link":"https:\/\/consmosca.esteri.it\/it\/servizi-consolari-e-visti\/servizi-per-il-cittadino-straniero\/visti\/","title":{"rendered":"Visti"},"content":{"rendered":"<p><strong>Avviso importante sulla presentazione delle domande di visto nella Federazione Russa<\/strong><\/p>\n<p>Le domande di visto per l\u2019Italia possono essere presentate per il tramite dei Centri Visti delle societ\u00e0 esterne cui \u00e8 stato affidato il servizio di raccolta nel territorio della circoscrizione del Consolato Generale d\u2019Italia a Mosca che comprende tutto il territorio della Federazione, con l&#8217;esclusione della circoscrizione del Consolato Generale di San Pietroburgo (cio\u00e8 la citt\u00e0 di San Pietroburgo e le Regioni di Leningrado, Novgorod, Vologda, Arcanghelsk, Pskov e provincia, Murmansk e provincia, e la Repubblica autonoma di Carelia).<\/p>\n<p>La competenza a trattare le domande \u00e8 attribuita ai Centri Visti interessati a seconda del luogo di residenza del richiedente, cos\u00ec come \u00e8 registrato nel proprio documento d\u2019identit\u00e0:<\/p>\n<ul>\n<li>i residenti a Mosca e nella regione di Mosca (<a href=\"https:\/\/rgis.mosreg.ru\/v3\/#\/map?bbox=34.94383,54.44677,40.93031,56.57591&amp;layers=17\">https:\/\/rgis.mosreg.ru\/v3\/#\/map?bbox=34.94383,54.44677,40.93031,56.57591&amp;layers=17<\/a>) dovranno rivolgersi alla societ\u00e0 VMS (<a href=\"https:\/\/italyvms.com\">https:\/\/italyvms.com<\/a>) con sedi in Mosca;<\/li>\n<li>i residenti nel rimanente territorio della circoscrizione dovranno rivolgersi alla societ\u00e0 Almaviva Russia (<a href=\"https:\/\/visa.almaviva-russia.ru\/\">https:\/\/visa.almaviva-russia.ru\/<\/a>\u00a0) con sedi in Yekaterinburg, Kazan, Krasnodar, Mosca, Nizhny Novgorod, Rostov sul Don, Novosibirsk e Samara.<\/li>\n<\/ul>\n<p>Il costo del servizio di raccolta \u00e8 a carico del richiedente, che versa la relativa tariffa alla societ\u00e0 interessata.<\/p>\n<p>Il costo dei diversi tipi di visto \u00e8 indicato nella\u00a0<a href=\"https:\/\/consmosca.esteri.it\/wp-content\/uploads\/2024\/10\/Tabella-da-11-giugno-2024REV.pdf\"><strong>Tabella delle tariffe<\/strong><\/a>.<\/p>\n<p>Le domande vengono trattate esclusivamente dal Consolato Generale, nel pieno rispetto della privacy dei richiedenti.<\/p>\n<p><strong>Per motivi logistici e organizzativi, la trattazione delle domande di visto potrebbe richiedere tempi pi\u00f9 lunghi del solito.<\/strong><\/p>\n<p><strong>Si richiede pertanto alla gentile utenza di presentare le domande di visto con largo anticipo rispetto alle date di partenza previste.<\/strong><\/p>\n<p>&nbsp;<\/p>\n<p><strong>Familiari di cittadini italiani e dell\u2019Unione Europea<\/strong><\/p>\n<p>I familiari dei cittadini italiani e dell\u2019Unione Europea (familiari UE) possono presentare domanda di visto direttamente al Consolato Generale, previo appuntamento all\u2019indirizzo mail <a href=\"mailto:mosca.familiari@esteri.it\">mosca.familiari@esteri.it<\/a>.<\/p>\n<p>Orario di apertura dello sportello dedicato: 9:30 \u2013 13:00 (luned\u00ec e gioved\u00ec).<\/p>\n<p>Per familiari UE si intendono il coniuge, la parte di un\u2019unione civile, gli ascendenti diretti a carico e quelli del coniuge\/unito, i discendenti diretti di et\u00e0 inferiore ai 21 anni o a carico e quelli del coniuge\/unito, che accompagnano o raggiungono un cittadino dell\u2019UE<\/p>\n<p>Si precisa che i discendenti diretti di et\u00e0 superiore a 21 anni e gli ascendenti diretti (genitori, nonni) possono presentare domanda in consolato a condizione che siano a carico del cittadino UE e in grado di comprovarlo attraverso la presentazione di adeguata documentazione da allegare alla domanda. La documentazione comprovante la relazione di parentela (atto di matrimonio, certificato di nascita etc.) deve essere presentata in originale e in copia.<\/p>\n<p>I familiari UE sono esentati dal presentare documentazione sulla loro situazione socio-economica e sul possesso di mezzi di sostentamento. Sono inoltre esentati dall\u2019obbligo di possedere un\u2019assicurazione sanitaria. \u00c8 comunque necessario allegare alla richiesta di visto una prenotazione aerea o il programma di viaggio o l\u2019invito del cittadino dell\u2019Unione.<\/p>\n<p>&nbsp;<\/p>\n<p><strong>Domanda visto (VSU-VN)<\/strong><\/p>\n<p>La lista dei requisiti e delle condizioni previste per il rilascio di ciascuna tipologia di visto nonch\u00e9 le informazioni sulla normativa in materia di immigrazione in Italia e nello spazio Schengen sono disponibili sul sito del Ministero degli Affari Esteri e della Cooperazione Internazionale (<a href=\"https:\/\/vistoperitalia.esteri.it\/home.aspx\">vistoperitalia.esteri.it<\/a>) e sui siti delle societ\u00e0 sopra indicate, oltre che nelle bacheche esterne e nei fogli informativi in distribuzione presso i Centri Visti di VMS e Almaviva Russia.<\/p>\n<p>Ogni informazione in merito all&#8217;Accordo di facilitazione tra l&#8217;Unione Europea e la Federazione Russa pu\u00f2 essere reperita sul sito web della\u00a0<a href=\"http:\/\/eeas.europa.eu\/delegations\/russia\">Delegazione della Commissione Europea a Mosca<\/a>\u00a0.<\/p>\n<ul>\n<li><a href=\"https:\/\/consmosca.esteri.it\/wp-content\/uploads\/2024\/07\/NUOVO_FORMULARIO_UNIFORME_VISTI_C-editabile-VMS.pdf\"><strong>Formulario richiesta visto Schengen<\/strong><\/a>\u00a0(italiano\/russo)<\/li>\n<li><a href=\"https:\/\/consmosca.esteri.it\/wp-content\/uploads\/2024\/07\/NUOVO_FORMULARIO_UNIFORME_VISTI_C_ENG-editabile.pdf\"><strong>Formulario richiesta visto Schengen<\/strong><\/a>\u00a0(italiano\/inglese)<\/li>\n<li><a href=\"https:\/\/consmosca.esteri.it\/wp-content\/uploads\/2023\/05\/formulario_visto_d_.pdf\"><strong>Formulario richiesta visti nazionali<\/strong><\/a>\u00a0(italiano\/russo)<\/li>\n<li><a href=\"https:\/\/consmosca.esteri.it\/wp-content\/uploads\/2023\/05\/formulario_visto_nazionale_en.pdf\"><strong>Formulario richiesta visti nazionali<\/strong><\/a>\u00a0(inglese).<\/li>\n<li><a href=\"https:\/\/consmosca.esteri.it\/wp-content\/uploads\/2023\/05\/lettera_invito_turismo.doc\"><strong>Lettera di invito per turismo<\/strong><\/a>\u00a0(Word).<\/li>\n<li><a href=\"https:\/\/consmosca.esteri.it\/wp-content\/uploads\/2023\/05\/lettera_invito_turismo.pdf\"><strong>Lettera di invito per turismo<\/strong><\/a>\u00a0(PDF).<\/li>\n<li><a href=\"https:\/\/consmosca.esteri.it\/wp-content\/uploads\/2023\/05\/lettera_invito_affari.doc\"><strong>Lettera di invito per affari<\/strong><\/a>.<\/li>\n<\/ul>\n<p><strong>Si informa la gentile utenza che, per esigenze contabili, le ricevute di pagamento delle tariffe consolari relative a domande di visto dovranno tassativamente avere data non antecedente a\u00a020 giorni rispetto alla presentazione della domanda stessa e che il pagamento dovr\u00e0 avvenire nello stesso mese di presentazione della domanda.<\/strong><\/p>\n<p><a href=\"https:\/\/consmosca.esteri.it\/wp-content\/uploads\/2024\/10\/Tabella-da-11-giugno-2024REV.pdf\"><strong>Tabella tariffe visti<\/strong><\/a><\/p>\n<p><strong>Divieto di intermediazione<\/strong><\/p>\n<p>Si raccomanda di diffidare e di segnalare al Consolato Generale eventuali intermediari che offrano i loro servizi a pagamento per<br \/>\npresentare o per facilitare le pratiche di visto. Si raccomanda di diffidare in particolare di persone che vantino canali preferenziali per la domanda di visto. Il costo della percezione consolare \u00e8 90 Euro per i cittadini russi (per altre nazionalit\u00e0 i costi possono essere diversi) ed \u00e8 l&#8217;unico costo ammesso oltre la spesa per i servizi dei centri visti. Modalit\u00e0 non chiare di presentazione della domanda comportano il diniego del visto stesso.<\/p>\n<p>&nbsp;<\/p>\n<p><a href=\"https:\/\/consmosca.esteri.it\/consolato_mosca\/it\/la_comunicazione\/dal-consolato\/2022\/03\/decisione-del-consiglio-dell-unione.html\"><strong>Decisione del Consiglio dell&#8217;Unione Europea &#8211; Novit\u00e0 sulle richieste di visto<\/strong><\/a><\/p>\n<p>&nbsp;<\/p>\n<hr \/>\n<p><a href=\"https:\/\/consmosca.esteri.it\/wp-content\/uploads\/2023\/05\/informativa_visti.pdf\"><strong>Informativa sulla protezione delle persone fisiche con riguardo al trattamento dei dati personali ai fini del rilascio di un visto d&#8217;ingresso in Italia e nell&#8217;area Schengen.<\/strong><\/a><\/p>\n<p><a href=\"https:\/\/eur-lex.europa.eu\/legal-content\/IT\/TXT\/?uri=uriserv:OJ.L_.2016.119.01.0001.01.ITA\"><strong>Regolamento Generale sulla Protezione dei Dati (UE) 2016\/679<\/strong><\/a><\/p>\n","protected":false},"excerpt":{"rendered":"Avviso importante sulla presentazione delle domande di visto nella Federazione Russa Le domande di visto per l\u2019Italia possono essere presentate per il tramite dei Centri Visti delle societ\u00e0 esterne cui \u00e8 stato affidato il servizio di raccolta nel territorio della circoscrizione del Consolato Generale d\u2019Italia a Mosca che comprende tutto il territorio della Federazione, con [&hellip;]","protected":false},"author":1,"featured_media":0,"parent":62,"menu_order":0,"comment_status":"closed","ping_status":"closed","template":"","meta":{"footnotes":""},"class_list":["post-95","page","type-page","status-publish","hentry"],"_links":{"self":[{"href":"https:\/\/consmosca.esteri.it\/it\/wp-json\/wp\/v2\/pages\/95","targetHints":{"allow":["GET"]}}],"collection":[{"href":"https:\/\/consmosca.esteri.it\/it\/wp-json\/wp\/v2\/pages"}],"about":[{"href":"https:\/\/consmosca.esteri.it\/it\/wp-json\/wp\/v2\/types\/page"}],"author":[{"embeddable":true,"href":"https:\/\/consmosca.esteri.it\/it\/wp-json\/wp\/v2\/users\/1"}],"replies":[{"embeddable":true,"href":"https:\/\/consmosca.esteri.it\/it\/wp-json\/wp\/v2\/comments?post=95"}],"version-history":[{"count":6,"href":"https:\/\/consmosca.esteri.it\/it\/wp-json\/wp\/v2\/pages\/95\/revisions"}],"predecessor-version":[{"id":2316,"href":"https:\/\/consmosca.esteri.it\/it\/wp-json\/wp\/v2\/pages\/95\/revisions\/2316"}],"up":[{"embeddable":true,"href":"https:\/\/consmosca.esteri.it\/it\/wp-json\/wp\/v2\/pages\/62"}],"wp:attachment":[{"href":"https:\/\/consmosca.esteri.it\/it\/wp-json\/wp\/v2\/media?parent=95"}],"curies":[{"name":"wp","href":"https:\/\/api.w.org\/{rel}","templated":true}]}}