{"id":484,"date":"2023-04-17T09:59:07","date_gmt":"2023-04-17T07:59:07","guid":{"rendered":"https:\/\/consmosca.esteri.it\/?page_id=484"},"modified":"2025-03-13T07:35:09","modified_gmt":"2025-03-13T06:35:09","slug":"cittadinanza-per-matrimonio","status":"publish","type":"page","link":"https:\/\/consmosca.esteri.it\/it\/servizi-consolari-e-visti\/servizi-per-il-cittadino-straniero\/cittadinanza\/cittadinanza-per-matrimonio\/","title":{"rendered":"Cittadinanza per matrimonio"},"content":{"rendered":"<p><strong><\/p>\n<h3><a href=\"https:\/\/consmosca.esteri.it\/wp-content\/uploads\/2025\/03\/Vademecum_Cittadinanza_2025.2.pdf\">Vademecum cittadinanza per matrimonio<\/a><\/strong><\/h3>\n<p><\/p>\n<p><strong>Premessa<\/strong><\/p>\n<p>A partire dal 18\/01\/2021 \u00e8 attivo il nuovo portale del Ministero dell\u2019Interno dedicato alla cittadinanza:<\/p>\n<p><a href=\"https:\/\/portaleserviziapp.dlci.interno.it\/AliCittadinanza\/ali\/home.htm\">https:\/\/portaleserviziapp.dlci.interno.it\/AliCittadinanza\/ali\/home.htm<\/a><\/p>\n<p>E\u2019 possibile accedere al portale tramite SPID (identit\u00e0 digitale) oppure con le credenziali ottenute dopo la registrazione al portale stesso. In proposito si richiama l\u2019attenzione degli interessati sul fatto che a causa delle nuove regole di sicurezza non \u00e8 stato possibile mantenere attive le precedenti credenziali di accesso (username e password). Pertanto chi a suo tempo aveva inviato la domanda di cittadinanza sul vecchio portale dovr\u00e0 effettuare una nuova registrazione sul nuovo portale e usare nuove credenziali.<\/p>\n<p><strong>Consultazione di una domanda gi\u00e0 inviata<\/strong><\/p>\n<p>Per consultare la domanda di cittadinanza inviata tramite SPID, se lo si possiede, accedere e scegliere Cittadinanza-> Comunicazioni\/stato pratica<\/p>\n<p>Qualora l&#8217;utente non riuscisse ad associare la sua precedente domanda alle credenziali SPID, dovr\u00e0 rivolgersi all&#8217;assistenza cliccando sulla voce &#8220;Help Desk&#8221; in fondo alla pagina. Per consultare lo stato di una domanda gi\u00e0 inviata, un residente all&#8217;estero che non abbia SPID deve effettuare una nuova registrazione sul portale e una volta effettuato l\u2019accesso andare su Cittadinanza, cliccare su Associa pratica e inserire i dati richiesti e il numero pratica (es: K10\/0000001).<\/p>\n<p><strong>Informazioni di carattere generale e modalit\u00e0 di compilazione delle domande<\/strong><\/p>\n<p>Lo straniero, coniuge di cittadino italiano e residente all&#8217;estero, pu\u00f2 presentare domanda per acquistare la cittadinanza per matrimonio se i coniugi sono conviventi e se sono trascorsi 3 (tre) anni dalla data del matrimonio. Il termine di tre anni \u00e8 ridotto a 1,5 anni (un anno e mezzo) in presenza di figli nati o adottati dai coniugi.<\/p>\n<p>Se il matrimonio \u00e8 avvenuto all&#8217;estero, prima di presentare la domanda occorre assicurarsi che l&#8217;atto di matrimonio sia stato registrato (trascritto) presso il comune italiano competente.<\/p>\n<p>La domanda di concessione della cittadinanza deve essere compilata ed inviata in modalit\u00e0 telematica attraverso il portale del Ministero dell&#8217;Interno:<\/p>\n<p><a href=\"https:\/\/portaleserviziapp.dlci.interno.it\/AliCittadinanza\/ali\/home.htm\">https:\/\/portaleserviziapp.dlci.interno.it\/AliCittadinanza\/ali\/home.htm<\/a><\/p>\n<p>Dopo essersi registrati sul portale, i richiedenti devono compilare la domanda e caricare i documenti previsti.<br \/>\nA tal fine, si raccomanda la massima attenzione nella compilazione dei campi relativi a nome, cognome, cittadinanza, luogo e data di nascita che non possono essere modificati in un secondo momento. Una domanda compilata in modo errato infatti sar\u00e0 rifiutata con la conseguenza di dover ripetere l\u2019intera procedura. I dati anagrafici usati nella domanda devono corrispondere a quelli riportati sui documenti da caricare sul sito.<\/p>\n<p><strong>Dati anagrafici da usare nella compilazione della domanda<\/strong><\/p>\n<p>Il nome del richiedente deve comprendere anche il patronimico, ove presente. Il cognome da usare a sua volta \u00e8 quello risultante dall\u2019atto di nascita, salvo che siano intervenuti cambiamenti successivi. Se cos\u00ec \u00e8, si dovr\u00e0 usare il nuovo cognome, cio\u00e8 il cognome acquisito a seguito di matrimonio o di sentenza. Ad esempio, se a seguito di matrimonio col cittadino Italiano Carlo Rossi, la signora Olga Dmitrievna Smirnova ha acquistato il cognome del marito, al momento di compilare la domanda dovr\u00e0 scrivere: Olga Dmitrievna (nel campo nome) &#8211; Rossi (nel campo cognome) ed allegare anche il matrimonio russo apostillato e tradotto da cui si evince l\u2019avvenuto cambio di cognome rispetto a quello nell\u2019atto di nascita.<br \/>\nIl cognome usato nel compilare la domanda a sua volta dovr\u00e0 coincidere con quello presente nei vari certificati da allegare (es. certificato penale). In caso di difformit\u00e0 vanno sempre allegati i documenti che spiegano come \u00e8 avvenuto il cambiamento.<\/p>\n<p><strong>Principali errori commessi dai richiedenti la cittadinanza per matrimonio al momento della presentazione dell\u2019istanza on line<\/strong><\/p>\n<p>1. Ha omesso di indicare il patronimico (necessario) oltre al nome e cognome<br \/>\n2. Ha omesso di indicare tutte le residenze dall\u2019et\u00e0 di 14 anni anche se ha sempre vissuto nello stesso paese<br \/>\n3. Ha caricato documenti privi di apostille e\/o di traduzione certificata<br \/>\n4. Ha caricato documenti non originali (ad esempio copie notarili)<br \/>\n5. Ha omesso di caricare documenti che dimostrano l\u2019avvenuto cambio di cognome a seguito di matrimonio o per altre ragioni<br \/>\n6. Ha caricato un certificato penale scaduto o prossimo alla scadenza<br \/>\n7. Ha omesso di caricare documenti che spiegano perch\u00e9 non vi \u00e8 convivenza col coniuge<\/p>\n<p><strong>Seguiti<\/strong><\/p>\n<p>Una volta compilata la domanda e inserita la documentazione prevista, sar\u00e0 generato un documento riepilogativo e la ricevuta di invio. Il Consolato procede agli accertamenti necessari ed all\u2019accettazione o al rifiuto della domanda. Dell\u2019accettazione o del rifiuto l\u2019intereressato sar\u00e0 informato automaticamente tramite il portale. In caso di rifiuto sar\u00e0 sempre possibile ripresentare la domanda correggendo gli errori emersi. Al proposito si ricorda che chi attualmente vive in Italia ed \u00e8 titolare di permesso di soggiorno per motivi familiari deve presentare la domanda alla Prefettura del luogo di residenza, non al consolato. La ripresentazione della domanda non comporta il pagamento di una nuova tassa.<\/p>\n<p>In caso di accettazione della domanda, alla pratica sar\u00e0 assegnato un codice (K\/10\/C&#8230;) e l\u2019interessato\/a sar\u00e0 convocato\/a dal consolato sempre tramite il portale per la consegna degli originali dei documenti caricati sul sito.<br \/>\nPoich\u00e9 tutte le comunicazioni avverranno tramte il Portale, si raccomanda di controllare spesso la casella di posta elettronica usata in fase di registrazione (domicilio elettronico). Queste comunicazioni infatti sostituiscono integralmente quelle inviate con altri mezzi ed avranno carattere ufficiale.<\/p>\n<p><strong>Termini per la conclusione del procedimento<\/strong><\/p>\n<p>Il termine di 4 anni decorrenti dalla data di presentazione della domanda per la conclusione del procedimento di concessione della cittadinanza italiana per matrimonio \u00e8 stato ridotto a 24 mesi, prorogabili fino ad un massimo di 36 mesi dall\u2019art. 4, commi 4-7, del decreto-legge 21 ottobre 2020, n. 130 (c.d. decreto immigrazione e sicurezza). Per le domande presentate prima della conversione in legge del decreto resta fermo il termine origanario di 4 anni.<\/p>\n<p>Contatti, informazioni utili<\/p>\n<p>Per informazioni generali sulla cittadinanza \u00e8 disponibile il sito <a href=\"https:\/\/www.esteri.it\/mae\/it\/servizi\/stranieri\/cittadinanza_0.html\">https:\/\/www.esteri.it\/mae\/it\/servizi\/stranieri\/cittadinanza_0.html<\/a><\/p>\n<p>In caso di dubbi residui si potr\u00e0 scrivere a: <a href=\"mailto:sociale.mosca@esteri.it\">sociale.mosca@esteri.it<\/a><\/p>\n<p>Per assistenza tecnica in fase di registrazione o accesso al Portale, si prega di rivolgersi esclusivamente al servizio help desk del Ministero dell\u2019Interno che gestisce il portale. Il Consolato non potr\u00e0 fornire assistenza tecnico-informatica.<\/p>\n<p><strong>Documentazione<\/strong><\/p>\n<p>I documenti richiesti per la presentazione della domanda di cittadinanza sono riportati nel file scaricabile dal link seguente:<\/p>\n<p><a href=\"https:\/\/consmosca.esteri.it\/wp-content\/uploads\/2023\/06\/cittadinanza-per-matrimonio-documenti.pdf\">Documenti per cittadinanza per matrimonio<\/a><\/p>\n<p>Si ricorda che la presentazione della domanda di cittadinanza \u00e8 assoggettata al pagamento della tassa da 250 euro. A partire dal 20 maggio 2022 \u00e8 possibile effettuare il pagamento del contributo di 250\u20ac tramite <strong>PagoPA <\/strong>direttamente dal portale cittadinanza contestualmente alla presentazione della domanda&#8221;.<\/p>\n<p>Si potranno in ogni caso continuare ad utilizzare le altre modalit\u00e0 di pagamento previste, ovvero: acquisto della marca da bollo direttamente presso i rivenditori autorizzati o gli uffici postali ed esecuzione del bonifico da un conto bancario italiano su IBAN della Banca d&#8217;Italia <strong>IT07Y0100003245348008120501.<\/strong><\/p>\n<p>Nella domanda di cittadinanza doranno essere inseriti gli estremi del bonifico eseguito dall\u2019estero&#8221;.<\/p>\n<p>Per altre informazioni si rimanda al seguente link:<\/p>\n<p><a href=\"http:\/\/www.prefettura.it\/FILES\/docs\/1173\/Conseguimento_attestato_linguistico_cittadinanza.pdf\">http:\/\/www.prefettura.it\/FILES\/docs\/1173\/Conseguimento_attestato_linguistico_cittadinanza.pdf<\/a><\/p>\n<p>Per verificare la presenza in loco di enti certificatori o di scuole autorizzate si potr\u00e0 scrivere all\u2019Istituto Italiano di Cultura a Mosca:<br \/>\n<a href=\"https:\/\/iicmosca.esteri.it\/iic_mosca\/it\/istituto\/come_contattarci\/\">https:\/\/iicmosca.esteri.it\/iic_mosca\/it\/istituto\/come_contattarci\/<\/a><\/p>\n","protected":false},"excerpt":{"rendered":"Vademecum cittadinanza per matrimonio Premessa A partire dal 18\/01\/2021 \u00e8 attivo il nuovo portale del Ministero dell\u2019Interno dedicato alla cittadinanza: https:\/\/portaleserviziapp.dlci.interno.it\/AliCittadinanza\/ali\/home.htm E\u2019 possibile accedere al portale tramite SPID (identit\u00e0 digitale) oppure con le credenziali ottenute dopo la registrazione al portale stesso. In proposito si richiama l\u2019attenzione degli interessati sul fatto che a causa delle nuove [&hellip;]","protected":false},"author":5,"featured_media":0,"parent":96,"menu_order":4,"comment_status":"closed","ping_status":"closed","template":"","meta":{"footnotes":""},"class_list":["post-484","page","type-page","status-publish","hentry"],"_links":{"self":[{"href":"https:\/\/consmosca.esteri.it\/it\/wp-json\/wp\/v2\/pages\/484","targetHints":{"allow":["GET"]}}],"collection":[{"href":"https:\/\/consmosca.esteri.it\/it\/wp-json\/wp\/v2\/pages"}],"about":[{"href":"https:\/\/consmosca.esteri.it\/it\/wp-json\/wp\/v2\/types\/page"}],"author":[{"embeddable":true,"href":"https:\/\/consmosca.esteri.it\/it\/wp-json\/wp\/v2\/users\/5"}],"replies":[{"embeddable":true,"href":"https:\/\/consmosca.esteri.it\/it\/wp-json\/wp\/v2\/comments?post=484"}],"version-history":[{"count":7,"href":"https:\/\/consmosca.esteri.it\/it\/wp-json\/wp\/v2\/pages\/484\/revisions"}],"predecessor-version":[{"id":1848,"href":"https:\/\/consmosca.esteri.it\/it\/wp-json\/wp\/v2\/pages\/484\/revisions\/1848"}],"up":[{"embeddable":true,"href":"https:\/\/consmosca.esteri.it\/it\/wp-json\/wp\/v2\/pages\/96"}],"wp:attachment":[{"href":"https:\/\/consmosca.esteri.it\/it\/wp-json\/wp\/v2\/media?parent=484"}],"curies":[{"name":"wp","href":"https:\/\/api.w.org\/{rel}","templated":true}]}}