{"id":442,"date":"2023-04-14T09:30:40","date_gmt":"2023-04-14T07:30:40","guid":{"rendered":"https:\/\/consmosca.esteri.it\/?page_id=442"},"modified":"2025-05-16T14:57:42","modified_gmt":"2025-05-16T12:57:42","slug":"studi","status":"publish","type":"page","link":"https:\/\/consmosca.esteri.it\/it\/servizi-consolari-e-visti\/servizi-per-il-cittadino-italiano\/altri-servizi\/studi\/","title":{"rendered":"Ufficio istruzione"},"content":{"rendered":"<ul>\n<li><a href=\"https:\/\/consmosca.esteri.it\/it\/servizi-consolari-e-visti\/servizi-per-il-cittadino-italiano\/altri-servizi\/scuole-in-italia\/\"><strong>Scuole in Italia<\/strong><\/a><\/li>\n<li><a href=\"https:\/\/consmosca.esteri.it\/it\/servizi-consolari-e-visti\/servizi-per-il-cittadino-italiano\/altri-servizi\/albo-consolare\/universita\/\"><strong>Universit\u00e0<\/strong><\/a><\/li>\n<li><a href=\"https:\/\/consmosca.esteri.it\/it\/servizi-consolari-e-visti\/servizi-per-il-cittadino-italiano\/altri-servizi\/equipollenza-dei-titoli\/\"><strong>Equipollenza titoli<\/strong><\/a><\/li>\n<li><a href=\"https:\/\/consmosca.esteri.it\/it\/?page_id=458&amp;preview=true\"><strong>Dichiarazioni di valore<\/strong><\/a><\/li>\n<li><a href=\"https:\/\/consmosca.esteri.it\/it\/servizi-consolari-e-visti\/servizi-per-il-cittadino-italiano\/altri-servizi\/albo-consolare\/corsi-di-lingua-italiana\/\"><strong>Corsi di lingua italiana<\/strong><\/a><\/li>\n<\/ul>\n<p><strong>L&#8217;Ufficio Istruzione<\/strong><\/p>\n<ul>\n<li>Svolge azioni di coordinamento e monitoraggio delle attivit\u00e0 della scuola paritaria italiana &#8220;<a href=\"http:\/\/www.schoolitalia.ru\/\" target=\"_blank\" rel=\"noopener\">Italo Calvino<\/a>&#8221; di Mosca;<\/li>\n<li>promuove e coordina le iniziative scolastiche che contribuiscono anche alla promozione ed alla diffusione della cultura italiana;<\/li>\n<li>cura le relazioni con le autorit\u00e0 scolastiche russe per promuovere la diffusione dei programmi di lingua italiana nelle rispettive circoscrizioni consolari;<\/li>\n<li>promuove e organizza seminari professionali di approfondimento e corsi per insegnanti di italiano;<\/li>\n<li>coordina il\u00a0<a href=\"http:\/\/www.programmapria.ru\/\" target=\"_blank\" rel=\"noopener\">Programma di diffusione della lingua italiana in Russia. <\/a><\/li>\n<\/ul>\n<p>L&#8217;Ufficio fornisce, inoltre, altre informazioni di carattere consolare (<a href=\"http:\/\/www.consmosca.esteri.it\/consolato_mosca\/it\/i_servizi\/per_i_cittadini\/studi\/equipollenza_titoli\">equipollenza dei titoli di studio<\/a>,\u00a0<a href=\"http:\/\/www.consmosca.esteri.it\/consolato_mosca\/it\/i_servizi\/per_i_cittadini\/studi\/dichiarazioni_di_valore\">dichiarazione di valore<\/a>, etc.).<\/p>\n<p>L&#8217;interesse per lo studio della lingua italiana ha una lunga tradizione in Russia ed \u00e8 motivato da ragioni culturali, ma spesso anche dal desiderio di includere la conoscenza dell&#8217;italiano nel proprio curriculum a fini professionali. La presenza economica e commerciale italiana \u00e8 un dato acquisito nella societ\u00e0 russa e molti giovani ambiscono ad avere l&#8217;opportunit\u00e0 di lavorare per un&#8217;organizzazione o un&#8217;impresa italiana.<\/p>\n<p><strong>Scuole italiane<\/strong><\/p>\n<p>A Mosca \u00e8 presente l&#8217;Istituto Paritario &#8220;<a href=\"http:\/\/www.schoolitalia.ru\/it\" target=\"_blank\" rel=\"noopener\">Italo Calvino<\/a>&#8221; che comprende i seguenti ordini e gradi di istruzione:<\/p>\n<ul>\n<li>Scuola dell\u2019infanzia<\/li>\n<li>Scuola primaria<\/li>\n<li>Scuola secondaria di primo grado<\/li>\n<li>Liceo Linguistico quadriennale (lingue Inglese, Spagnolo e Russo)<\/li>\n<\/ul>\n<p>Nell&#8217;anno scolastico 2020\/21 l&#8217;Istituto \u00e8 frequentato da un numero complessivo di 147\u00a0allievi.<\/p>\n<p><strong>Insegnamento dell&#8217;italiano nelle scuole russe<\/strong><\/p>\n<p>Numerose scuole ricevono annualmente un contributo finanziario da parte del Ministero degli Esteri, a parziale copertura delle spese affrontate per l&#8217;attivazione di classi di italiano, anche come insegnamento facoltativo.<\/p>\n<p>A Mosca \u00e8 presente la scuola statale n.1950, con sezione bilingue Italiano-Russo e altre scuole in cui l&#8217;italiano \u00e8 studiato quale seconda lingua straniera.<br \/>\nA San Pietroburgo \u00e8 presente la Scuola &#8220;Dante Alighieri&#8221; n. 318, che dal 1966 offre l&#8217;insegnamento dell&#8217;italiano curricolare come prima lingua straniera a partire dalla seconda classe.<\/p>\n<p><strong>Orario di apertura al pubblico dell&#8217;Ufficio Istruzione del Consolato:<\/strong><\/p>\n<p>Su appuntamento<\/p>\n<p><strong>Contatti<\/strong><\/p>\n<ul>\n<li><strong>Email<\/strong>:\u00a0<a href=\"mailto:mosca.istruzione@esteri.it\">mosca.istruzione@esteri.it<\/a><\/li>\n<li><strong>Telefono<\/strong>: +7 495-916-54-35<\/li>\n<li><strong>Dirigente scolastico<\/strong>: Domenico Buscaglia<\/li>\n<\/ul>\n","protected":false},"excerpt":{"rendered":"Scuole in Italia Universit\u00e0 Equipollenza titoli Dichiarazioni di valore Corsi di lingua italiana L&#8217;Ufficio Istruzione Svolge azioni di coordinamento e monitoraggio delle attivit\u00e0 della scuola paritaria italiana &#8220;Italo Calvino&#8221; di Mosca; promuove e coordina le iniziative scolastiche che contribuiscono anche alla promozione ed alla diffusione della cultura italiana; cura le relazioni con le autorit\u00e0 scolastiche [&hellip;]","protected":false},"author":5,"featured_media":0,"parent":94,"menu_order":2,"comment_status":"closed","ping_status":"closed","template":"","meta":{"footnotes":""},"class_list":["post-442","page","type-page","status-publish","hentry"],"_links":{"self":[{"href":"https:\/\/consmosca.esteri.it\/it\/wp-json\/wp\/v2\/pages\/442","targetHints":{"allow":["GET"]}}],"collection":[{"href":"https:\/\/consmosca.esteri.it\/it\/wp-json\/wp\/v2\/pages"}],"about":[{"href":"https:\/\/consmosca.esteri.it\/it\/wp-json\/wp\/v2\/types\/page"}],"author":[{"embeddable":true,"href":"https:\/\/consmosca.esteri.it\/it\/wp-json\/wp\/v2\/users\/5"}],"replies":[{"embeddable":true,"href":"https:\/\/consmosca.esteri.it\/it\/wp-json\/wp\/v2\/comments?post=442"}],"version-history":[{"count":3,"href":"https:\/\/consmosca.esteri.it\/it\/wp-json\/wp\/v2\/pages\/442\/revisions"}],"predecessor-version":[{"id":2016,"href":"https:\/\/consmosca.esteri.it\/it\/wp-json\/wp\/v2\/pages\/442\/revisions\/2016"}],"up":[{"embeddable":true,"href":"https:\/\/consmosca.esteri.it\/it\/wp-json\/wp\/v2\/pages\/94"}],"wp:attachment":[{"href":"https:\/\/consmosca.esteri.it\/it\/wp-json\/wp\/v2\/media?parent=442"}],"curies":[{"name":"wp","href":"https:\/\/api.w.org\/{rel}","templated":true}]}}