{"id":39,"date":"2023-04-03T19:16:29","date_gmt":"2023-04-03T17:16:29","guid":{"rendered":"https:\/\/consolatozurigo.esteri.it\/?page_id=39"},"modified":"2026-03-16T06:55:20","modified_gmt":"2026-03-16T05:55:20","slug":"la-rete-consolare","status":"publish","type":"page","link":"https:\/\/consmosca.esteri.it\/it\/chi-siamo\/la-rete-consolare\/","title":{"rendered":"La Rete Consolare"},"content":{"rendered":"<p><strong>Consolato Generale d&#8217;Italia a Mosca<\/strong><\/p>\n<ul>\n<li><strong>Console Generale<\/strong><\/li>\n<li><strong>Indirizzo<\/strong>: Yakimanskaya Naberezhnaya, 10 &#8211; 109180 Mosca (metro Polyanka)<\/li>\n<li><strong>Telefono:<\/strong>+7-495-7969692<\/li>\n<li><strong>Email<\/strong>:\u00a0<a href=\"mailto:consitaly.mosca@esteri.it\">consitaly.mosca@esteri.it<\/a><\/li>\n<li><strong>PEC<\/strong>:\u00a0<a href=\"mailto:con.mosca@cert.esteri.it\">con.mosca@cert.esteri.it<\/a><\/li>\n<li><strong>Pagina Facebook:<\/strong> <a href=\"https:\/\/www.facebook.com\/ItalyinMoscow\">Consolato Generale a Mosca<\/a><\/li>\n<\/ul>\n<p>Il\u00a0<strong>Consolato Generale d&#8217;Italia a Mosca<\/strong> \u00e8 competente per tutto il territorio della Federazione Russa, tranne che per le regioni di Leningrado (citt\u00e0 di San Pietroburgo), Murmansk, Pskov, Novgorod, Vologda e Arcanghelsk e per la Repubblica di Karelia, per le quali \u00e8 competente il Consolato Generale d&#8217;Italia a San Pietroburgo.<\/p>\n<p><strong>Consolato Generale d&#8217;Italia a San Pietroburgo<\/strong><\/p>\n<ul>\n<li><strong>Console Generale<\/strong>:<\/li>\n<li><strong>Indirizzo<\/strong>: Teatralnaya Ploshchad, 10 \u2013 190068 San Pietroburgo<\/li>\n<li><strong>Telefono:<\/strong>: + 7 812 71 88 095; + 7 812 71 80 791; + 7 812 71 80 792 (Uff. visti +7 812 71 88 080)<\/li>\n<li><strong>Email<\/strong>:\u00a0<a href=\"mailto:consitaly.mosca@esteri.it\">archivio.sanpietroburgo@esteri.it<\/a><\/li>\n<li><strong>PEC<\/strong>:\u00a0<a href=\"mailto:consitaly.mosca@esteri.it\">con.sanpietroburgo@cert.esteri.it<\/a><\/li>\n<li><strong>Homepage:<a href=\"https:\/\/conssanpietroburgo.esteri.it\/it\/\"> https:\/\/conssanpietroburgo.esteri.it\/it\/<\/a> <\/strong><\/li>\n<li><strong>Pagina Facebook:<\/strong>:<a href=\"https:\/\/conssanpietroburgo.esteri.it\/consolato_sanpietroburgo\/it\/\">Consolato Generale San Pietroburgo<\/a><\/li>\n<\/ul>\n<p>Dal Consolato Generale d&#8217;Italia a Mosca dipendono i seguenti Uffici onorari:<\/p>\n<p><strong>Consolato Generale Onorario d&#8217;Italia a Krasnodar<\/strong><\/p>\n<ul>\n<li><strong>Console Generale Onorario<\/strong>: Pierpaolo Lodigiani<\/li>\n<li><strong>Competenza territoriale<\/strong>: Regioni di Rostov, Krasnodar, Stavropol, Astrachan e Repubbliche di Adighezia, Kara\u010daj-Circassia, Cabardino-Balcaria, Ossezia del Nord, Cecenia, Inguscezia, Daghestan e Calmicchia<\/li>\n<li><strong>Indirizzo<\/strong>: Ulitsa Krasnaya, 81 &#8211; 350000, Krasnodar<\/li>\n<li><strong>Telefono<\/strong>: +7-861-2510490<\/li>\n<li><strong>Cellulare<\/strong>: +7-988-4703750<\/li>\n<li><strong>Fax<\/strong>: +7-861-2556003<\/li>\n<li><strong>Email<\/strong>:\u00a0<a href=\"mailto:consolatoSR@investa.ru\">consolatoSR@investa.ru<\/a><\/li>\n<\/ul>\n<p><strong>Ufficio distaccato a Stavropol<\/strong><\/p>\n<ul>\n<li><strong>Indirizzo<\/strong>: Dovatortsev, 55A &#8211; 355042, Stavropol<\/li>\n<li><strong>Cellulare<\/strong>:\u00a0+7-988-4703750<\/li>\n<\/ul>\n<p><strong>Ufficio distaccato a Mineralnye Vody<\/strong><\/p>\n<ul>\n<li><strong>Indirizzo<\/strong>: 357205, Russia, Mineralnye Vody, Aeroporto internazionale Mineralnye Vody<\/li>\n<li><strong>Cellulare<\/strong>: +7-988-4703750<\/li>\n<\/ul>\n<p><strong>Consolato Onorario d&#8217;Italia a Ekaterinburg<\/strong><\/p>\n<ul>\n<li><strong>Console Onorario<\/strong>: Roberto D&#8217;Agostino<\/li>\n<li><strong>Competenza territoriale<\/strong>: Regioni di Sverdlovsk, Regione di Kurgan, Regione di Tyumen, Circondario autonomo degli Chanty-Mansi-Jugra, Regione di Orenburg, Regione di Perm, Repubblica Udmurta.<\/li>\n<li><strong>Indirizzo<\/strong>: Chapaeva 14\/10, uff. 103 &#8211; 620014, Ekaterinburg<\/li>\n<li><strong>Telefono<\/strong>: +7-343-2396701<\/li>\n<li><strong>Cellulare<\/strong>: +7-912-6868800<\/li>\n<li><strong>Email<\/strong>: <a href=\"mailto:consolato.ekaterinburg@gmail.com\">consolato.ekaterinburg@gmail.com<\/a><\/li>\n<\/ul>\n<p><strong>Consolato\u00a0Onorario a Volgograd<\/strong><\/p>\n<ul>\n<li><strong>Console Onorario<\/strong>: Stefano Rossi<\/li>\n<li><strong>Competenza territoriale<\/strong>: Regioni di Volgograd e Saratov<\/li>\n<li><strong>Indirizzo<\/strong>: Via Grushevskaya 8, ufficio 1033 &#8211; 400001, Volgograd<\/li>\n<li><strong>Telefono<\/strong>: +7-8442-326866<\/li>\n<li><strong>Cellulare<\/strong>: +7-969-2888889<\/li>\n<li><strong>Email<\/strong>: <a href=\"mailto:consolato.volgograd@gmail.com\">consolato.volgograd@gmail.com<\/a><\/li>\n<\/ul>\n<p><strong>\u00a0<\/strong><strong>Consolato Onorario\u00a0a Kaluga<\/strong><\/p>\n<ul>\n<li><strong>Console Onorario<\/strong>: Mikhail Kusnirovich<\/li>\n<li><strong>Competenza territoriale<\/strong>: Regione di Kaluga<\/li>\n<li><strong>Indirizzo<\/strong>: Bulvar Entuziastov, 1\/A, Kaluga<\/li>\n<li><strong>Telefono<\/strong>: +7 495 9958899<\/li>\n<li><strong>Email<\/strong>:\u00a0<a href=\"mailto:mkbosco@bosco.ru\">mkbosco@bosco.ru<\/a><\/li>\n<\/ul>\n<p><strong>Consolato Onorario\u00a0a Ufa<\/strong><\/p>\n<ul>\n<li><strong>Console Onorario<\/strong>: Timerbulat Karimov<\/li>\n<li><strong>Competenza territoriale<\/strong>: Repubblica del Bashkortostan<\/li>\n<li><strong>Indirizzo<\/strong>: Ulitsa Mustaya Karima, 28, Ufa<\/li>\n<li><strong>Telefono<\/strong>: +73472571000<\/li>\n<li><strong>Cellulare<\/strong>: +7 999 5558831<\/li>\n<li><strong>Email:<\/strong><\/li>\n<\/ul>\n<p><strong>Corrispondenza consolare a Lipetsk<\/strong><\/p>\n<ul>\n<li><strong>Corrispondente consolare<\/strong>: Vittorio Torrembini<\/li>\n<li><strong>Competenza territoriale<\/strong>: Regioni di Lipetsk, Tambov e Voronezh.<\/li>\n<li><strong>Indirizzo<\/strong>: 398908, Lipetsk, pos. Matyrsky OEZ &#8220;Lipetsk&#8221;, Business Center, P\/344<\/li>\n<li><strong>Telefono<\/strong>: +7-4742-515255<\/li>\n<li><strong>Email<\/strong>: <a href=\"mailto:torrembini@esa.ru\">torrembini@esa.ru<\/a><\/li>\n<\/ul>\n<p><strong>Corrispondenza consolare\u00a0a Samara<\/strong><\/p>\n<ul>\n<li><strong>Corrispondente consolare<\/strong>: Gianguido Breddo<\/li>\n<li><strong>Competenza territoriale<\/strong>: Regioni di Samara , Ulyanovsk e Repubblica del Tatarstan<\/li>\n<li><strong>Indirizzo<\/strong>: Ulitsa Stepana Razina, 71a \u2013 443099, Samara<\/li>\n<li><strong>Telefono<\/strong>: +7-846-3106401<\/li>\n<li><strong>Cellulare:<\/strong> +7-902-3711820<\/li>\n<li><strong>Email<\/strong>: <a href=\"mailto:italcons.samara@vgt.ru\">italcons.samara@vgt.ru<\/a>\u00a0\u00a0 \/\u00a0\u00a0 <a href=\"mailto:ggbreddo@gmail.com\">ggbreddo@gmail.com<\/a><\/li>\n<\/ul>\n<p><strong>\u00a0<\/strong><strong>Corrispondenza consolare\u00a0a Vladivostok <\/strong><\/p>\n<ul>\n<li><strong>Corrispondente consolare<\/strong>: Marco Melpignano<\/li>\n<li><strong>Indirizzo<\/strong>: Voennoe Shosse 15a \u2013 690088, Vladivostok<\/li>\n<li><strong>Cellulare<\/strong>: +7-963-8368003<\/li>\n<li><strong>Email<\/strong>:\u00a0<a href=\"mailto:marcomelpignano@gmail.com\">marcomelpignano@gmail.com<\/a><\/li>\n<\/ul>\n","protected":false},"excerpt":{"rendered":"Consolato Generale d&#8217;Italia a Mosca Console Generale Indirizzo: Yakimanskaya Naberezhnaya, 10 &#8211; 109180 Mosca (metro Polyanka) Telefono:+7-495-7969692 Email:\u00a0consitaly.mosca@esteri.it PEC:\u00a0con.mosca@cert.esteri.it Pagina Facebook: Consolato Generale a Mosca Il\u00a0Consolato Generale d&#8217;Italia a Mosca \u00e8 competente per tutto il territorio della Federazione Russa, tranne che per le regioni di Leningrado (citt\u00e0 di San Pietroburgo), Murmansk, Pskov, Novgorod, Vologda e [&hellip;]","protected":false},"author":1,"featured_media":0,"parent":13,"menu_order":12,"comment_status":"closed","ping_status":"closed","template":"","meta":{"footnotes":""},"class_list":["post-39","page","type-page","status-publish","hentry"],"_links":{"self":[{"href":"https:\/\/consmosca.esteri.it\/it\/wp-json\/wp\/v2\/pages\/39","targetHints":{"allow":["GET"]}}],"collection":[{"href":"https:\/\/consmosca.esteri.it\/it\/wp-json\/wp\/v2\/pages"}],"about":[{"href":"https:\/\/consmosca.esteri.it\/it\/wp-json\/wp\/v2\/types\/page"}],"author":[{"embeddable":true,"href":"https:\/\/consmosca.esteri.it\/it\/wp-json\/wp\/v2\/users\/1"}],"replies":[{"embeddable":true,"href":"https:\/\/consmosca.esteri.it\/it\/wp-json\/wp\/v2\/comments?post=39"}],"version-history":[{"count":7,"href":"https:\/\/consmosca.esteri.it\/it\/wp-json\/wp\/v2\/pages\/39\/revisions"}],"predecessor-version":[{"id":2374,"href":"https:\/\/consmosca.esteri.it\/it\/wp-json\/wp\/v2\/pages\/39\/revisions\/2374"}],"up":[{"embeddable":true,"href":"https:\/\/consmosca.esteri.it\/it\/wp-json\/wp\/v2\/pages\/13"}],"wp:attachment":[{"href":"https:\/\/consmosca.esteri.it\/it\/wp-json\/wp\/v2\/media?parent=39"}],"curies":[{"name":"wp","href":"https:\/\/api.w.org\/{rel}","templated":true}]}}