{"id":37,"date":"2023-04-03T19:15:59","date_gmt":"2023-04-03T17:15:59","guid":{"rendered":"https:\/\/consolatozurigo.esteri.it\/?page_id=37"},"modified":"2024-08-06T11:39:18","modified_gmt":"2024-08-06T09:39:18","slug":"contatti","status":"publish","type":"page","link":"https:\/\/consmosca.esteri.it\/it\/chi-siamo\/contatti\/","title":{"rendered":"Contatti"},"content":{"rendered":"<p><strong>IL SERVIZIO DI CENTRALINO E INFORMAZIONI <\/strong><strong>\u00c8 <\/strong><strong>ATTIVO DALLE ORE 09:00 ALLE ORE 13:00 E DALLE 13:30 alle 16:30 DAL LUNED\u00cc AL VENERD\u00cc.<\/strong><\/p>\n<ul>\n<li><strong>Telefono<\/strong>: +7-495-7969692<\/li>\n<li><strong>Email<\/strong>:\u00a0<a href=\"mailto:consitaly.mosca@esteri.it\">consitaly.mosca@esteri.it<\/a><\/li>\n<li><strong>PEC<\/strong>:\u00a0<a href=\"mailto:con.mosca@cert.esteri.it\">con.mosca@cert.esteri.it<\/a><\/li>\n<\/ul>\n<p><a href=\"https:\/\/consmosca.esteri.it\/it\/servizi-consolari-e-visti\/\"><strong>Servizi Consolari<\/strong><\/a><\/p>\n<ul>\n<li><strong>Email<\/strong>:\u00a0<a href=\"mailto:sociale.conmosca@esteri.it\">sociale.mosca@esteri.it<\/a><\/li>\n<li><strong>PEC<\/strong>:\u00a0<a href=\"mailto:con.mosca@cert.esteri.it\">con.mosca.consolare@cert.esteri.it<\/a><\/li>\n<\/ul>\n<p><a href=\"https:\/\/consmosca.esteri.it\/it\/servizi-consolari-e-visti\/\"><strong>Ufficio visti<\/strong><\/a><\/p>\n<ul>\n<li><strong>Email<\/strong>:\u00a0<a href=\"mailto:visti.mosca@esteri.it\">visti.mosca@esteri.it<\/a><\/li>\n<\/ul>\n<p><a href=\"https:\/\/consmosca.esteri.it\/it\/servizi-consolari-e-visti\/servizi-per-il-cittadino-italiano\/altri-servizi\/studi\/\"><strong>Ufficio istruzione<\/strong><\/a><\/p>\n<ul>\n<li><strong>Email<\/strong>:\u00a0<a href=\"mailto:mosca.istruzione@esteri.it\">mosca.istruzione@esteri.it<\/a><\/li>\n<li>Riceve esclusivamente per appuntamento che potr\u00e0 essere richiesto via mail<\/li>\n<\/ul>\n","protected":false},"excerpt":{"rendered":"IL SERVIZIO DI CENTRALINO E INFORMAZIONI \u00c8 ATTIVO DALLE ORE 09:00 ALLE ORE 13:00 E DALLE 13:30 alle 16:30 DAL LUNED\u00cc AL VENERD\u00cc. Telefono: +7-495-7969692 Email:\u00a0consitaly.mosca@esteri.it PEC:\u00a0con.mosca@cert.esteri.it Servizi Consolari Email:\u00a0sociale.mosca@esteri.it PEC:\u00a0con.mosca.consolare@cert.esteri.it Ufficio visti Email:\u00a0visti.mosca@esteri.it Ufficio istruzione Email:\u00a0mosca.istruzione@esteri.it Riceve esclusivamente per appuntamento che potr\u00e0 essere richiesto via mail","protected":false},"author":1,"featured_media":0,"parent":13,"menu_order":8,"comment_status":"closed","ping_status":"closed","template":"","meta":{"footnotes":""},"class_list":["post-37","page","type-page","status-publish","hentry"],"_links":{"self":[{"href":"https:\/\/consmosca.esteri.it\/it\/wp-json\/wp\/v2\/pages\/37","targetHints":{"allow":["GET"]}}],"collection":[{"href":"https:\/\/consmosca.esteri.it\/it\/wp-json\/wp\/v2\/pages"}],"about":[{"href":"https:\/\/consmosca.esteri.it\/it\/wp-json\/wp\/v2\/types\/page"}],"author":[{"embeddable":true,"href":"https:\/\/consmosca.esteri.it\/it\/wp-json\/wp\/v2\/users\/1"}],"replies":[{"embeddable":true,"href":"https:\/\/consmosca.esteri.it\/it\/wp-json\/wp\/v2\/comments?post=37"}],"version-history":[{"count":2,"href":"https:\/\/consmosca.esteri.it\/it\/wp-json\/wp\/v2\/pages\/37\/revisions"}],"predecessor-version":[{"id":1500,"href":"https:\/\/consmosca.esteri.it\/it\/wp-json\/wp\/v2\/pages\/37\/revisions\/1500"}],"up":[{"embeddable":true,"href":"https:\/\/consmosca.esteri.it\/it\/wp-json\/wp\/v2\/pages\/13"}],"wp:attachment":[{"href":"https:\/\/consmosca.esteri.it\/it\/wp-json\/wp\/v2\/media?parent=37"}],"curies":[{"name":"wp","href":"https:\/\/api.w.org\/{rel}","templated":true}]}}