{"id":1665,"date":"2024-12-11T09:21:16","date_gmt":"2024-12-11T08:21:16","guid":{"rendered":"https:\/\/consmosca.esteri.it\/?page_id=1665"},"modified":"2024-12-11T09:50:51","modified_gmt":"2024-12-11T08:50:51","slug":"comites-comitato-degli-italiani-allestero","status":"publish","type":"page","link":"https:\/\/consmosca.esteri.it\/it\/servizi-consolari-e-visti\/servizi-per-il-cittadino-italiano\/comites-comitato-degli-italiani-allestero\/","title":{"rendered":"Comites \u2013 Comitato degli Italiani all\u2019Estero"},"content":{"rendered":"<p>Istituiti nel 1985, i Comitati degli Italiani all\u2019Estero (COMITES) sono organismi rappresentativi della collettivit\u00e0 italiana, eletti direttamente dai connazionali residenti all\u2019estero in ciascuna circoscrizione consolare ove risiedono almeno tremila connazionali con voto per corrispondenza da parte degli elettori che fanno domanda espressa di voto.<\/p>\n<p>I Comites sono normalmente composti da 12 membri.<\/p>\n<p>Ai sensi della legge 23 ottobre 2003, n. 286 che disciplina la materia, i Comites sono organi di rappresentanza degli italiani all\u2019estero nei rapporti con le rappresentanze diplomatico-consolari.<\/p>\n<p>Anche attraverso studi e ricerche, essi contribuiscono ad individuare le esigenze di sviluppo sociale, culturale e civile della comunit\u00e0 di riferimento; promuovono, in collaborazione con l\u2019autorit\u00e0 consolare, con le regioni e con le autonomie locali, nonch\u00e9 con enti, associazioni e comitati operanti nell\u2019ambito della circoscrizione consolare, opportune iniziative nelle materie attinenti alla vita sociale e culturale, con particolare riguardo alla partecipazione dei giovani, alle pari opportunit\u00e0, all\u2019assistenza sociale e scolastica, alla formazione professionale, al settore ricreativo, allo sport e al tempo libero.<\/p>\n<p>I Comitati sono altres\u00ec chiamati a cooperare con l\u2019autorit\u00e0 consolare nella tutela dei diritti e degli interessi dei cittadini italiani residenti nella circoscrizione consolare.<\/p>\n<p>Il Comites di Mosca \u00e8 stato eletto alla fine del 2021 e rimarr\u00e0 in carica fino alla fine del 2026. Il Presidente \u00e8 il Signor Massimo Marengo.<\/p>\n<p>Maggiori informazioni su <a href=\"https:\/\/comitesmosca.ru\/\">https:\/\/comitesmosca.ru\/<\/a><\/p>\n","protected":false},"excerpt":{"rendered":"Istituiti nel 1985, i Comitati degli Italiani all\u2019Estero (COMITES) sono organismi rappresentativi della collettivit\u00e0 italiana, eletti direttamente dai connazionali residenti all\u2019estero in ciascuna circoscrizione consolare ove risiedono almeno tremila connazionali con voto per corrispondenza da parte degli elettori che fanno domanda espressa di voto. I Comites sono normalmente composti da 12 membri. Ai sensi della [&hellip;]","protected":false},"author":5,"featured_media":0,"parent":59,"menu_order":19,"comment_status":"closed","ping_status":"closed","template":"","meta":{"footnotes":""},"class_list":["post-1665","page","type-page","status-publish","hentry"],"_links":{"self":[{"href":"https:\/\/consmosca.esteri.it\/it\/wp-json\/wp\/v2\/pages\/1665","targetHints":{"allow":["GET"]}}],"collection":[{"href":"https:\/\/consmosca.esteri.it\/it\/wp-json\/wp\/v2\/pages"}],"about":[{"href":"https:\/\/consmosca.esteri.it\/it\/wp-json\/wp\/v2\/types\/page"}],"author":[{"embeddable":true,"href":"https:\/\/consmosca.esteri.it\/it\/wp-json\/wp\/v2\/users\/5"}],"replies":[{"embeddable":true,"href":"https:\/\/consmosca.esteri.it\/it\/wp-json\/wp\/v2\/comments?post=1665"}],"version-history":[{"count":2,"href":"https:\/\/consmosca.esteri.it\/it\/wp-json\/wp\/v2\/pages\/1665\/revisions"}],"predecessor-version":[{"id":1673,"href":"https:\/\/consmosca.esteri.it\/it\/wp-json\/wp\/v2\/pages\/1665\/revisions\/1673"}],"up":[{"embeddable":true,"href":"https:\/\/consmosca.esteri.it\/it\/wp-json\/wp\/v2\/pages\/59"}],"wp:attachment":[{"href":"https:\/\/consmosca.esteri.it\/it\/wp-json\/wp\/v2\/media?parent=1665"}],"curies":[{"name":"wp","href":"https:\/\/api.w.org\/{rel}","templated":true}]}}