{"id":1294,"date":"2024-04-19T08:35:46","date_gmt":"2024-04-19T06:35:46","guid":{"rendered":"https:\/\/consmosca.esteri.it\/?page_id=1294"},"modified":"2024-04-19T08:40:12","modified_gmt":"2024-04-19T06:40:12","slug":"carta-didentita-elettronica-cie","status":"publish","type":"page","link":"https:\/\/consmosca.esteri.it\/it\/servizi-consolari-e-visti\/servizi-per-il-cittadino-italiano\/carta-didentita-elettronica-cie\/","title":{"rendered":"Carta di identit\u00e0 elettronica (CIE)"},"content":{"rendered":"<p>La Carta di Identit\u00e0 Elettronica (CIE) \u00e8 un documento multifunzionale: attesta l\u2019identit\u00e0 del cittadino, \u00e8 un documento di viaggio, riporta il codice fiscale e si pu\u00f2 utilizzare per richiedere un\u2019identit\u00e0 sul sistema SPID (Sistema Pubblico di Identit\u00e0 Digitale) con cui accedere ai servizi erogati dalle pubbliche amministrazioni italiane.<\/p>\n<p>La CIE equivale al passaporto ai fini dell\u2019espatrio negli Stati membri dell\u2019Unione Europea, negli stati dello Spazio Schengen (UE + Islanda, Norvegia, Svizzera, Liechtenstein) e in quelli in cui vigono particolari accordi internazionali.<\/p>\n<p>Al riguardo, per ulteriori informazioni, \u00e8 possibile consultare <a href=\"https:\/\/www.viaggiaresicuri.it\/approfondimenti-insights\/documentidiviaggio\">https:\/\/www.viaggiaresicuri.it\/approfondimenti-insights\/documentidiviaggio<\/a><\/p>\n<p>La CIE pu\u00f2 essere richiesta, previo appuntamento, tramite la piattaforma\u00a0<a href=\"https:\/\/prenotami.esteri.it\/\">PRENOT@MI<\/a>.<\/p>\n<p>La CIE pu\u00f2 essere rilasciata esclusivamente ai cittadini italiani regolarmente residenti nella circoscrizione consolare, che siano gi\u00e0 registrati nello schedario consolare e i cui dati anagrafici siano gi\u00e0 presenti nella banca dati A.I.R.E (Anagrafe degli Italiani Residenti all\u2019Estero).<\/p>\n<p>La CIE\u00a0non\u00a0pu\u00f2 essere rilasciata a vista il giorno dell\u2019appuntamento poich\u00e9 viene prodotta dall\u2019Istituto Poligrafico e Zecca dello Stato a Roma e successivamente spedita dall\u2019Italia, a mezzo posta, presso il Consolato Generale, dove potr\u00e0 essere ritirata.<\/p>\n<p><strong>REQUISITI OBBLIGATORI PER RICHIEDERE LA CARTA D\u2019IDENTITA\u2019 ELETTRONICA:<\/strong><\/p>\n<p>Ai fini dell\u2019emissione della CIE \u00e8 indispensabile che il richiedente:<\/p>\n<ul>\n<li>sia iscritto all\u2019AIRE e il suo nominativo sia inserito nell\u2019apposito applicativo da parte del comune italiano di riferimento;<\/li>\n<li>abbia l\u2019atto di nascita trascritto in Italia, in quanto gli estremi della trascrizione devono essere riportati sulla CIE;<\/li>\n<li>abbia il codice fiscale validato da parte dell\u2019Agenzia delle Entrate e del comune italiano di riferimento. Per chi non \u00e8 in possesso del codice fiscale sar\u00e0 cura del Consolato Generale richiederlo d\u2019ufficio;<\/li>\n<li>abbia aggiornato la sua posizione negli schedari consolari nel caso di cambio d\u2019indirizzo, variazione dello stato civile o nascita di figli. In questi casi si dovr\u00e0 prendere contatto con l\u2019Ufficio prima di richiedere un appuntamento per la carta d\u2019identit\u00e0.<\/li>\n<\/ul>\n<p>&nbsp;<\/p>\n<p><strong>VALIDITA\u2019 DELLA CARTA D\u2019IDENTITA\u2019 ELETTRONICA:<\/strong><\/p>\n<p>La validit\u00e0 della CIE varia a seconda all\u2019et\u00e0 del titolare:<\/p>\n<p>\u2013 3 anni per minori di et\u00e0 inferiore a 3 anni;<br \/>\n\u2013 5 anni per i minori di et\u00e0 compresa tra i 3 e i 18 anni;<br \/>\n\u2013 10 anni per i maggiorenni.<\/p>\n<p><strong>MODALITA\u2019 DI RICHIESTA DELLA CARTA D\u2019IDENTITA\u2019 ELETTRONICA:<\/strong><\/p>\n<p>Per richiedere il rilascio della carta d\u2019identit\u00e0 elettronica \u00e8 necessario prenotare un appuntamento utilizzando la piattaforma\u00a0<a href=\"https:\/\/prenotami.esteri.it\/\">Prenot@mi<\/a>.<\/p>\n<p>Sulla piattaforma\u00a0<a href=\"https:\/\/prenotami.esteri.it\/\">Prenot@mi<\/a>\u00a0\u00e8 possibile effettuare una prenotazione singola oppure una prenotazione multipla da un unico account (\u00e8 possibile inserire\u00a0al massimo un richiedente aggiuntivo). Quando un genitore desidera prendere un\u00a0appuntamento per il figlio minorenne (sia in caso di prenotazione singola che multipla), \u00e8 pregato di compilare il formulario a nome del\u00a0figlio.<\/p>\n<p>Per ulteriori approfondimenti sul sistema Prenot@mi si consiglia di consultare la sezione dedicata.<\/p>\n<p><strong>Prima di accedere al calendario del servizio CIE e scegliere la prima data utile, \u00e8 necessario compilare i campi obbligatori (contrassegnati con *) del formulario proposto dal sistema.<\/strong><\/p>\n<p>Si prega di inserire i DATI RELATIVI ALL\u2019INTESTATARIO del documento richiesto, se diversi dall\u2019utente\u00a0registrato.<\/p>\n<p><strong>Per le donne coniugate<\/strong>:\u00a0<strong>inserire le generalit\u00e0 anagrafiche da nubile. Sulla CIE non \u00e8 indicato lo stato civile del titolare e, per le donne coniugate, NON pu\u00f2 essere indicato il nome del coniuge.<\/strong><\/p>\n<p>Dal momento della richiesta alla data fissata per l\u2019appuntamento trascorrono\u00a0<strong>almeno 15 giorni<\/strong>, necessari per consentire all\u2019ufficio consolare di effettuare il controllo dei dati anagrafici, risolvere eventuali disallineamenti e verificare che non sussistano cause ostative al rilascio del documento.<\/p>\n<p><strong>ATTENZIONE: Nel caso in cui, a seguito delle verifiche, emergessero elementi ostativi al rilascio della CIE, il Consolato informa l\u2019interessato anche ai fini della cancellazione dell\u2019appuntamento.<\/strong><\/p>\n<p><strong>La presenza del richiedente e\/o del titolare della carta richiesta \u00e8 obbligatoria.<\/strong><\/p>\n<p>Il giorno dell\u2019appuntamento in Consolato saranno acquisiti i dati biometrici e verr\u00e0 validato il dossier.<\/p>\n<p><strong>DOCUMENTAZIONE RICHIESTA PER IL RILASCIO DELLA CARTA D\u2019IDENTITA\u2019 ELETTRONICA:<\/strong><\/p>\n<p>\u2013\u00a0\u00a0\u00a0\u00a0\u00a0\u00a0\u00a0\u00a0\u00a0 Una fototessera a norma biometrica;<\/p>\n<p>\u2013\u00a0 \u00a0\u00a0 \u00a0 \u00a0\u00a0 Precedente carta di identit\u00e0 (anche se scaduta);<\/p>\n<p>\u2013\u00a0\u00a0\u00a0\u00a0\u00a0\u00a0\u00a0\u00a0\u00a0 Documento di riconoscimento (anche se scaduto) o due testimoni;<\/p>\n<p>\u2013\u00a0\u00a0\u00a0\u00a0\u00a0\u00a0\u00a0\u00a0\u00a0\u00a0<a href=\"https:\/\/consparigi.esteri.it\/it\/servizi-consolari-e-visti\/servizi-per-il-cittadino-italiano\/passaporti-e-carte-didentita\/atto-di-assenso\/\">Atto di assenso<\/a>\u00a0di entrambi genitori nel caso in cui il richiedente sia un minore di 18 anni;<\/p>\n<p>\u2013\u00a0\u00a0\u00a0\u00a0\u00a0\u00a0\u00a0\u00a0\u00a0 Pagamento solo in contanti e in euro di:<\/p>\n<ul>\n<li>euro 21,95 in caso di primo rilascio CIE o rinnovo;<\/li>\n<li>euro 27,11 in caso di duplicato per furto, smarrimento o deterioramento di CIE ancora in corso di validit\u00e0.<\/li>\n<\/ul>\n","protected":false},"excerpt":{"rendered":"La Carta di Identit\u00e0 Elettronica (CIE) \u00e8 un documento multifunzionale: attesta l\u2019identit\u00e0 del cittadino, \u00e8 un documento di viaggio, riporta il codice fiscale e si pu\u00f2 utilizzare per richiedere un\u2019identit\u00e0 sul sistema SPID (Sistema Pubblico di Identit\u00e0 Digitale) con cui accedere ai servizi erogati dalle pubbliche amministrazioni italiane. La CIE equivale al passaporto ai fini [&hellip;]","protected":false},"author":5,"featured_media":0,"parent":59,"menu_order":0,"comment_status":"closed","ping_status":"closed","template":"","meta":{"footnotes":""},"class_list":["post-1294","page","type-page","status-publish","hentry"],"_links":{"self":[{"href":"https:\/\/consmosca.esteri.it\/it\/wp-json\/wp\/v2\/pages\/1294","targetHints":{"allow":["GET"]}}],"collection":[{"href":"https:\/\/consmosca.esteri.it\/it\/wp-json\/wp\/v2\/pages"}],"about":[{"href":"https:\/\/consmosca.esteri.it\/it\/wp-json\/wp\/v2\/types\/page"}],"author":[{"embeddable":true,"href":"https:\/\/consmosca.esteri.it\/it\/wp-json\/wp\/v2\/users\/5"}],"replies":[{"embeddable":true,"href":"https:\/\/consmosca.esteri.it\/it\/wp-json\/wp\/v2\/comments?post=1294"}],"version-history":[{"count":3,"href":"https:\/\/consmosca.esteri.it\/it\/wp-json\/wp\/v2\/pages\/1294\/revisions"}],"predecessor-version":[{"id":1299,"href":"https:\/\/consmosca.esteri.it\/it\/wp-json\/wp\/v2\/pages\/1294\/revisions\/1299"}],"up":[{"embeddable":true,"href":"https:\/\/consmosca.esteri.it\/it\/wp-json\/wp\/v2\/pages\/59"}],"wp:attachment":[{"href":"https:\/\/consmosca.esteri.it\/it\/wp-json\/wp\/v2\/media?parent=1294"}],"curies":[{"name":"wp","href":"https:\/\/api.w.org\/{rel}","templated":true}]}}