{"id":1147,"date":"2023-07-28T11:58:19","date_gmt":"2023-07-28T09:58:19","guid":{"rendered":"https:\/\/consmosca.esteri.it\/?page_id=1147"},"modified":"2025-07-11T10:53:42","modified_gmt":"2025-07-11T08:53:42","slug":"1147-2","status":"publish","type":"page","link":"https:\/\/consmosca.esteri.it\/it\/servizi-consolari-e-visti\/servizi-per-il-cittadino-italiano\/1147-2\/","title":{"rendered":"Lista Avvocati"},"content":{"rendered":"<p><strong>AVVOCATI A MOSCA<\/strong><\/p>\n<p>I nominativi riportati vengono forniti a titolo informativo e non esaustivo. Il Consolato Generale a Mosca non pu\u00f2 pertanto assumere alcuna responsabilit\u00e0 sugli esiti di eventuali rapporti che avverranno su base del tutto diretta e privatistica. Questo Consolato Generale declina ogni responsabilit\u00e0 da danni derivanti da imprecisioni od omissioni nei dati personali forniti dai professionisti. In caso di irreperibilit\u00e0, si fa presente che il nominativo del professionista verr\u00e0 cancellato dalla lista senza preavviso.<\/p>\n<p>Clicca qui per consultare la<a href=\"https:\/\/consmosca.esteri.it\/wp-content\/uploads\/2025\/07\/Lista_avv_2024.pdf\"><strong>lista degli avvocati<\/strong><\/a>.<\/p>\n","protected":false},"excerpt":{"rendered":"AVVOCATI A MOSCA I nominativi riportati vengono forniti a titolo informativo e non esaustivo. Il Consolato Generale a Mosca non pu\u00f2 pertanto assumere alcuna responsabilit\u00e0 sugli esiti di eventuali rapporti che avverranno su base del tutto diretta e privatistica. Questo Consolato Generale declina ogni responsabilit\u00e0 da danni derivanti da imprecisioni od omissioni nei dati personali [&hellip;]","protected":false},"author":5,"featured_media":0,"parent":59,"menu_order":20,"comment_status":"closed","ping_status":"closed","template":"","meta":{"footnotes":""},"class_list":["post-1147","page","type-page","status-publish","hentry"],"_links":{"self":[{"href":"https:\/\/consmosca.esteri.it\/it\/wp-json\/wp\/v2\/pages\/1147","targetHints":{"allow":["GET"]}}],"collection":[{"href":"https:\/\/consmosca.esteri.it\/it\/wp-json\/wp\/v2\/pages"}],"about":[{"href":"https:\/\/consmosca.esteri.it\/it\/wp-json\/wp\/v2\/types\/page"}],"author":[{"embeddable":true,"href":"https:\/\/consmosca.esteri.it\/it\/wp-json\/wp\/v2\/users\/5"}],"replies":[{"embeddable":true,"href":"https:\/\/consmosca.esteri.it\/it\/wp-json\/wp\/v2\/comments?post=1147"}],"version-history":[{"count":1,"href":"https:\/\/consmosca.esteri.it\/it\/wp-json\/wp\/v2\/pages\/1147\/revisions"}],"predecessor-version":[{"id":2053,"href":"https:\/\/consmosca.esteri.it\/it\/wp-json\/wp\/v2\/pages\/1147\/revisions\/2053"}],"up":[{"embeddable":true,"href":"https:\/\/consmosca.esteri.it\/it\/wp-json\/wp\/v2\/pages\/59"}],"wp:attachment":[{"href":"https:\/\/consmosca.esteri.it\/it\/wp-json\/wp\/v2\/media?parent=1147"}],"curies":[{"name":"wp","href":"https:\/\/api.w.org\/{rel}","templated":true}]}}